{"id":26,"date":"2025-03-17T15:15:51","date_gmt":"2025-03-17T14:15:51","guid":{"rendered":"https:\/\/perchepotter.fr\/?page_id=26"},"modified":"2026-04-27T17:04:32","modified_gmt":"2026-04-27T15:04:32","slug":"accueil","status":"publish","type":"page","link":"https:\/\/perchepotter.fr\/","title":{"rendered":"Accueil"},"content":{"rendered":"\n<p><\/p>\n\n\n\n<div class=\"wp-block-cover alignfull\" style=\"padding-top:3rem;padding-bottom:3rem\"><img fetchpriority=\"high\" decoding=\"async\" width=\"2560\" height=\"1707\" class=\"wp-block-cover__image-background wp-image-49\" alt=\"\" src=\"https:\/\/perchepotter.fr\/wp-content\/uploads\/2025\/03\/28-pascal-paolo-ND-020-scaled.jpg\" style=\"object-position:50% 66%\" data-object-fit=\"cover\" data-object-position=\"50% 66%\" srcset=\"https:\/\/perchepotter.fr\/wp-content\/uploads\/2025\/03\/28-pascal-paolo-ND-020-scaled.jpg 2560w, https:\/\/perchepotter.fr\/wp-content\/uploads\/2025\/03\/28-pascal-paolo-ND-020-300x200.jpg 300w, https:\/\/perchepotter.fr\/wp-content\/uploads\/2025\/03\/28-pascal-paolo-ND-020-1024x683.jpg 1024w, https:\/\/perchepotter.fr\/wp-content\/uploads\/2025\/03\/28-pascal-paolo-ND-020-768x512.jpg 768w, https:\/\/perchepotter.fr\/wp-content\/uploads\/2025\/03\/28-pascal-paolo-ND-020-1536x1024.jpg 1536w, https:\/\/perchepotter.fr\/wp-content\/uploads\/2025\/03\/28-pascal-paolo-ND-020-2048x1365.jpg 2048w\" sizes=\"(max-width: 2560px) 100vw, 2560px\" \/><span aria-hidden=\"true\" class=\"wp-block-cover__background has-black-background-color has-background-dim-40 has-background-dim\"><\/span><div class=\"wp-block-cover__inner-container is-layout-constrained wp-container-core-cover-is-layout-38eb73b2 wp-block-cover-is-layout-constrained\">\n<div class=\"wp-block-group alignwide is-vertical is-content-justification-stretch is-layout-flex wp-container-core-group-is-layout-401b7a8a wp-block-group-is-layout-flex\" style=\"min-height:600px\">\n<h1 class=\"wp-block-heading has-text-align-left has-text-color\" style=\"color:#f7e411;margin-top:0;margin-right:0;margin-bottom:0rem;font-size:3rem;font-style:normal;font-weight:400;line-height:1.1\"><mark style=\"background-color:rgba(0, 0, 0, 0)\" class=\"has-inline-color has-pale-cyan-blue-color\">Du style, du caract\u00e8re, une touche de Japon,<\/mark><\/h1>\n\n\n\n<h2 class=\"wp-block-heading has-text-align-left\" style=\"font-size:49px;line-height:1\"><mark style=\"background-color:rgba(0, 0, 0, 0)\" class=\"has-inline-color has-pale-cyan-blue-color\">Pour d\u00e9corer votre table et votre maison.<\/mark><\/h2>\n<\/div>\n<\/div><\/div>\n\n\n\n<section class=\"wp-block-group alignfull is-layout-constrained wp-container-core-group-is-layout-08f7d76b wp-block-group-is-layout-constrained\" style=\"margin-top:0px;margin-bottom:0px;padding-top:7.5%;padding-right:0rem;padding-bottom:7.5%;padding-left:0rem\">\n<div class=\"wp-block-columns alignwide is-layout-flex wp-container-core-columns-is-layout-b787fa0f wp-block-columns-is-layout-flex\" style=\"padding-right:0px;padding-left:0px\">\n<div class=\"wp-block-column is-vertically-aligned-center is-layout-flow wp-block-column-is-layout-flow\" style=\"flex-basis:20.5%\">\n<figure class=\"wp-block-image aligncenter size-full has-custom-border\"><img decoding=\"async\" width=\"1707\" height=\"2560\" src=\"https:\/\/perchepotter.fr\/wp-content\/uploads\/2025\/03\/28-pascal-paolo-ND-027-1-scaled.jpg\" alt=\"\" class=\"wp-image-51\" style=\"border-radius:21px;aspect-ratio:3\/4;object-fit:cover\" srcset=\"https:\/\/perchepotter.fr\/wp-content\/uploads\/2025\/03\/28-pascal-paolo-ND-027-1-scaled.jpg 1707w, https:\/\/perchepotter.fr\/wp-content\/uploads\/2025\/03\/28-pascal-paolo-ND-027-1-200x300.jpg 200w, https:\/\/perchepotter.fr\/wp-content\/uploads\/2025\/03\/28-pascal-paolo-ND-027-1-683x1024.jpg 683w, https:\/\/perchepotter.fr\/wp-content\/uploads\/2025\/03\/28-pascal-paolo-ND-027-1-768x1152.jpg 768w, https:\/\/perchepotter.fr\/wp-content\/uploads\/2025\/03\/28-pascal-paolo-ND-027-1-1024x1536.jpg 1024w, https:\/\/perchepotter.fr\/wp-content\/uploads\/2025\/03\/28-pascal-paolo-ND-027-1-1365x2048.jpg 1365w\" sizes=\"(max-width: 1707px) 100vw, 1707px\" \/><\/figure>\n<\/div>\n\n\n\n<div class=\"wp-block-column is-layout-flow wp-block-column-is-layout-flow\" style=\"flex-basis:61%\">\n<div class=\"wp-block-group is-vertical is-content-justification-center is-layout-flex wp-container-core-group-is-layout-81423f52 wp-block-group-is-layout-flex\">\n<h5 class=\"wp-block-heading has-text-align-center has-text-color has-link-color wp-elements-20d37ffba8dd5693ca334d4fcc5d81d3\" style=\"color:#000000;margin-top:2rem;font-size:3.1rem;font-style:normal;font-weight:300;line-height:1.0;text-transform:none\">L&rsquo;ennui naquit un jour de l&rsquo;uniformit\u00e9<sup data-fn=\"ae9a56c0-2f1e-40cc-a0c0-9332001ae3d0\" class=\"fn\"><a href=\"#ae9a56c0-2f1e-40cc-a0c0-9332001ae3d0\" id=\"ae9a56c0-2f1e-40cc-a0c0-9332001ae3d0-link\">1<\/a><\/sup> <\/h5>\n<\/div>\n\n\n\n<p><\/p>\n\n\n\n<div class=\"wp-block-group is-vertical is-content-justification-center is-layout-flex wp-container-core-group-is-layout-81423f52 wp-block-group-is-layout-flex\">\n<div class=\"wp-block-group is-layout-constrained wp-container-core-group-is-layout-51cdf983 wp-block-group-is-layout-constrained\" style=\"padding-right:1rem;padding-left:1rem\">\n<p class=\"has-text-align-center has-text-color has-link-color wp-elements-429d747afc189a9dca5f36c3ae686be7\" style=\"color:#000000;font-size:1.13rem\">Je cr\u00e9e depuis plus de dix ans des pi\u00e8ces uniques fruit de mon imagination.<\/p>\n\n\n\n<p>Dans mon atelier, je tourne, tournasse, d\u00e9gourdis, \u00e9maille et cuis \u00e0 haute temp\u00e9rature des  pi\u00e8ces aux lignes simples et \u00e9pur\u00e9es.<\/p>\n\n\n\n<p>Je con\u00e7ois et fabrique moi-m\u00eame mes \u00e9maux \u00e0 partir de mati\u00e8res naturelles. Je les applique au pinceau, au pichet, au pistolet, etc.<\/p>\n\n\n\n<p>Profondeur et transparence, chatoiement des couleurs, po\u00e9sie des reflets&#8230; chaque pi\u00e8ce murmure sa propre histoire. <\/p>\n\n\n\n<p class=\"has-text-align-center has-text-color has-link-color wp-elements-e5e99a75a13a8f2d4b239ec756cb7a41\" style=\"color:#000000;font-size:1.13rem\"><br><br><\/p>\n\n\n\n<p class=\"has-text-align-center has-text-color has-link-color wp-elements-9cc88d1ecef30282e5a67eb359543879\" style=\"color:#000000;font-size:1.13rem\"><\/p>\n\n\n\n<div class=\"wp-block-columns is-layout-flex wp-container-core-columns-is-layout-28f84493 wp-block-columns-is-layout-flex\">\n<div class=\"wp-block-column is-layout-flow wp-block-column-is-layout-flow\">\n<figure class=\"wp-block-image aligncenter size-full is-resized\"><img decoding=\"async\" src=\"https:\/\/tyler.com\/wp-content\/uploads\/2023\/10\/Award.png\" alt=\"\" class=\"wp-image-4069\" style=\"aspect-ratio:1;width:24px;height:auto\"\/><\/figure>\n<\/div>\n<\/div>\n<\/div>\n\n\n\n<div class=\"wp-block-buttons is-layout-flex wp-block-buttons-is-layout-flex\" style=\"margin-top:2rem;margin-bottom:2rem\">\n<div class=\"wp-block-button is-style-outline is-style-outline--1\"><a class=\"wp-block-button__link has-text-color has-link-color has-border-color has-custom-font-size wp-element-button\" href=\"https:\/\/perchepotter.fr\/index.php\/contact\/\" style=\"border-color:#504f43;border-width:1px;border-radius:0px;color:#000000;padding-top:0.8rem;padding-right:2.2rem;padding-bottom:0.8rem;padding-left:2.2rem;font-size:1.11rem;text-transform:uppercase\">Contact<\/a><\/div>\n<\/div>\n<\/div>\n<\/div>\n\n\n\n<div class=\"wp-block-column is-vertically-aligned-center is-layout-flow wp-block-column-is-layout-flow\" style=\"flex-basis:20.5%\">\n<figure class=\"wp-block-image aligncenter size-full has-custom-border\"><img decoding=\"async\" width=\"1080\" height=\"1920\" src=\"http:\/\/perchepotter.fr\/wp-content\/uploads\/2025\/10\/20221104_172405-scaled-e1761646818315.jpg\" alt=\"\" class=\"wp-image-223\" style=\"border-radius:21px;aspect-ratio:3\/4;object-fit:cover\"\/><\/figure>\n<\/div>\n<\/div>\n<\/section>\n\n\n\n<section class=\"wp-block-group alignfull is-layout-constrained wp-container-core-group-is-layout-eee211b1 wp-block-group-is-layout-constrained\" style=\"padding-top:6.5%;padding-right:1rem;padding-bottom:6.5%;padding-left:1rem\">\n<div class=\"wp-block-group alignwide is-layout-constrained wp-container-core-group-is-layout-0c58965a wp-block-group-is-layout-constrained\" style=\"padding-bottom:7%\">\n<h3 class=\"wp-block-heading has-text-align-center has-text-color has-link-color wp-elements-fd0c34c3d06e297173a61de290137f40\" style=\"color:#000000;font-size:4.11rem;font-style:normal;font-weight:500;line-height:1.0\">Richesse et diversit\u00e9<\/h3>\n<\/div>\n\n\n\n<div class=\"wp-block-columns alignwide is-layout-flex wp-container-core-columns-is-layout-1a0f4342 wp-block-columns-is-layout-flex\">\n<div class=\"wp-block-column is-layout-flow wp-block-column-is-layout-flow\" style=\"flex-basis:18%\"><\/div>\n\n\n\n<div class=\"wp-block-column is-layout-flow wp-block-column-is-layout-flow\" style=\"padding-bottom:4rem;flex-basis:32%\">\n<div class=\"wp-block-group is-vertical is-layout-flex wp-container-core-group-is-layout-899d8b01 wp-block-group-is-layout-flex\">\n<div class=\"wp-block-group is-layout-constrained wp-container-core-group-is-layout-fd97ffc5 wp-block-group-is-layout-constrained\">\n<h6 class=\"wp-block-heading has-text-color has-link-color wp-elements-1aa7788a71d0212ffcc9c79a176259dc\" style=\"color:#000000;font-size:1.56rem;font-style:normal;font-weight:500;line-height:1.2;text-transform:capitalize\"><\/h6>\n\n\n\n<p class=\"has-text-color has-link-color wp-elements-36aee23e9c8ffc40172bf54f2de3662d\" style=\"color:#000000;font-size:1.13rem\"><\/p>\n<\/div>\n\n\n\n<div class=\"wp-block-group is-layout-constrained wp-container-core-group-is-layout-fd97ffc5 wp-block-group-is-layout-constrained\">\n<h6 class=\"wp-block-heading has-text-color has-link-color wp-elements-74205148fa7037c8b72a8eb57e451ec6\" style=\"color:#000000;font-size:1.56rem;font-style:normal;font-weight:500;line-height:1.2;text-transform:capitalize\">mati\u00e8res<\/h6>\n\n\n\n<p class=\"has-text-color has-link-color wp-elements-f8d72bd456c9854673ac97533931ef08\" style=\"color:#000000;font-size:1.13rem\">Je fabrique des objets en gr\u00e8s ou en porcelaine. <\/p>\n<\/div>\n<\/div>\n<\/div>\n\n\n\n<div class=\"wp-block-column is-layout-flow wp-block-column-is-layout-flow\" style=\"padding-bottom:4rem;flex-basis:32%\">\n<div class=\"wp-block-group is-vertical is-layout-flex wp-container-core-group-is-layout-899d8b01 wp-block-group-is-layout-flex\">\n<div class=\"wp-block-group is-layout-constrained wp-container-core-group-is-layout-fd97ffc5 wp-block-group-is-layout-constrained\">\n<h6 class=\"wp-block-heading has-text-color has-link-color wp-elements-8a439e0caeffd7c6cb62b3f02a2762b9\" style=\"color:#000000;font-size:1.56rem;font-style:normal;font-weight:500;line-height:1.2;text-transform:capitalize\">Destinations<\/h6>\n\n\n\n<p class=\"has-text-color has-link-color wp-elements-b4e36c64992dd10ecb703b4e8ce181cb\" style=\"color:#000000;font-size:1.13rem\">Je cr\u00e9e des objets utilitaires (bols, tasses, assiettes, saladiers, etc.) et de d\u00e9coration (vases, coupes, etc.).<\/p>\n\n\n\n<p><\/p>\n<\/div>\n\n\n\n<div class=\"wp-block-group is-layout-constrained wp-container-core-group-is-layout-fd97ffc5 wp-block-group-is-layout-constrained\">\n<h6 class=\"wp-block-heading has-text-color has-link-color wp-elements-b5422c901a22bf594978d94a81398920\" style=\"color:#000000;font-size:1.56rem;font-style:normal;font-weight:500;line-height:1.2;text-transform:capitalize\">\u00c9maux<\/h6>\n\n\n\n<p class=\"has-text-color has-link-color wp-elements-315975a86b0cd54a68d473cc1b2dd8ff\" style=\"color:#000000;font-size:1.13rem\">Je con\u00e7ois de \u00ab\u00a0a \u00e0 z\u00a0\u00bb des \u00e9maux de qualit\u00e9, ce qui exige de longs moments de recherches de tests et de mises au point. Tout se passe dans mon atelier.<\/p>\n<\/div>\n<\/div>\n<\/div>\n\n\n\n<div class=\"wp-block-column is-layout-flow wp-block-column-is-layout-flow\" style=\"flex-basis:18%\"><\/div>\n<\/div>\n<\/section>\n\n\n\n<div class=\"wp-block-cover alignfull\" style=\"margin-top:0px;margin-bottom:0px;min-height:450px;aspect-ratio:unset;\"><img loading=\"lazy\" decoding=\"async\" width=\"2560\" height=\"1707\" class=\"wp-block-cover__image-background wp-image-54\" alt=\"\" src=\"https:\/\/perchepotter.fr\/wp-content\/uploads\/2025\/03\/28-pascal-paolo-ND-029-scaled.jpg\" data-object-fit=\"cover\" srcset=\"https:\/\/perchepotter.fr\/wp-content\/uploads\/2025\/03\/28-pascal-paolo-ND-029-scaled.jpg 2560w, https:\/\/perchepotter.fr\/wp-content\/uploads\/2025\/03\/28-pascal-paolo-ND-029-300x200.jpg 300w, https:\/\/perchepotter.fr\/wp-content\/uploads\/2025\/03\/28-pascal-paolo-ND-029-1024x683.jpg 1024w, https:\/\/perchepotter.fr\/wp-content\/uploads\/2025\/03\/28-pascal-paolo-ND-029-768x512.jpg 768w, https:\/\/perchepotter.fr\/wp-content\/uploads\/2025\/03\/28-pascal-paolo-ND-029-1536x1024.jpg 1536w, https:\/\/perchepotter.fr\/wp-content\/uploads\/2025\/03\/28-pascal-paolo-ND-029-2048x1365.jpg 2048w\" sizes=\"(max-width: 2560px) 100vw, 2560px\" \/><span aria-hidden=\"true\" class=\"wp-block-cover__background has-contrast-background-color has-background-dim-20 has-background-dim\"><\/span><div class=\"wp-block-cover__inner-container is-layout-constrained wp-container-core-cover-is-layout-162f2a30 wp-block-cover-is-layout-constrained\">\n<p class=\"has-text-align-center has-large-font-size\"><mark style=\"background-color:rgba(0, 0, 0, 0)\" class=\"has-inline-color has-pale-cyan-blue-color\"><\/mark><\/p>\n<\/div><\/div>\n\n\n\n<section class=\"wp-block-group alignfull has-background is-layout-constrained wp-container-core-group-is-layout-783ea74c wp-block-group-is-layout-constrained\" style=\"background-color:#202020;padding-top:6.5%;padding-right:1rem;padding-bottom:6.5%;padding-left:1rem\">\n<div class=\"wp-block-group alignwide is-layout-constrained wp-block-group-is-layout-constrained\" style=\"padding-bottom:3%\">\n<h3 class=\"wp-block-heading has-text-align-center has-text-color\" style=\"color:#ffffff;font-size:4.11rem;font-style:normal;font-weight:400;line-height:1.0\">Contactez-moi<\/h3>\n\n\n\n<p class=\"has-text-align-center has-text-color\" style=\"color:#ffffff;margin-top:1.25rem;font-size:1.25rem\">Si vous avez des questions ou souhaitez \u00e9mettre un avis, me demander conseil, etc. \u00e9crivez moi :<\/p>\n\n\n\n<div class=\"wp-block-buttons is-content-justification-center is-layout-flex wp-container-core-buttons-is-layout-249eb6da wp-block-buttons-is-layout-flex\" style=\"margin-top:3rem;margin-bottom:2rem\">\n<div class=\"wp-block-button is-style-outline is-style-outline--2\"><a class=\"wp-block-button__link has-text-color has-link-color has-border-color has-base-border-color has-jost-font-family has-custom-font-size wp-element-button\" href=\"https:\/\/perchepotter.fr\/index.php\/contact\/\" style=\"border-width:2px;border-radius:9px;color:#93c6ed;padding-top:0.8rem;padding-right:2.2rem;padding-bottom:0.8rem;padding-left:2.2rem;font-size:18px;letter-spacing:1px;text-transform:uppercase\">COntact<\/a><\/div>\n<\/div>\n<\/div>\n<\/section>\n\n\n\n<p><\/p>\n\n\n<ol class=\"wp-block-footnotes\"><li id=\"ae9a56c0-2f1e-40cc-a0c0-9332001ae3d0\">A. Houdar de La Motte (1672-1731) <a href=\"#ae9a56c0-2f1e-40cc-a0c0-9332001ae3d0-link\" aria-label=\"Aller \u00e0 la note de bas de page 1\">\u21a9\ufe0e<\/a><\/li><\/ol>\n\n\n<p><\/p>\n\n\n\n<div class=\"wp-block-uagb-advanced-heading uagb-block-026404ec\"><h2 class=\"uagb-heading-text\">Your Attractive Heading<\/h2><\/div>\n\n\n\n<div class=\"wp-block-uagb-advanced-heading uagb-block-88645dc8\"><h2 class=\"uagb-heading-text\">Your Attractive Heading<\/h2><\/div>\n\n\n\n<div class=\"wp-block-uagb-image uagb-block-f9449bb6 wp-block-uagb-image--layout-default wp-block-uagb-image--effect-static wp-block-uagb-image--align-none\"><figure class=\"wp-block-uagb-image__figure\"><\/figure><\/div>\n\n\n      \n\t\t\t<div class=\"uagb-icon-wrapper uagb-block-1921e75b      \"\n\t\t\tstyle=\"\" >\n\t\t\t\t\t\t\t\t\t<span class=\"uagb-svg-wrapper\" \n\t\t\t\t\t aria-label=\"circle-check\"\t\t\t\t\ttabindex=\"0\">\t\t\n\t\t\t\t\t\t\t\t\t\t<svg xmlns=\"https:\/\/www.w3.org\/2000\/svg\" viewBox= \"0 0 512 512\" role=\"graphics-symbol\" aria-hidden=\"false\" aria-label=\"\"><path d=\"M0 256C0 114.6 114.6 0 256 0C397.4 0 512 114.6 512 256C512 397.4 397.4 512 256 512C114.6 512 0 397.4 0 256zM371.8 211.8C382.7 200.9 382.7 183.1 371.8 172.2C360.9 161.3 343.1 161.3 332.2 172.2L224 280.4L179.8 236.2C168.9 225.3 151.1 225.3 140.2 236.2C129.3 247.1 129.3 264.9 140.2 275.8L204.2 339.8C215.1 350.7 232.9 350.7 243.8 339.8L371.8 211.8z\"><\/path><\/svg>\n\t\t\t\t\t\t\t\t\t<\/span>\n\t\t\t\t\t\t\t<\/div>\n\t\t\t\n\n\n<div class=\"wp-block-uagb-buttons uagb-buttons__outer-wrap uagb-btn__default-btn uagb-btn-tablet__default-btn uagb-btn-mobile__default-btn uagb-block-ddf101a6\"><div class=\"uagb-buttons__wrap uagb-buttons-layout-wrap \">\n<div class=\"wp-block-uagb-buttons-child uagb-buttons__outer-wrap uagb-block-d0be7e9f wp-block-button\"><div class=\"uagb-button__wrapper\"><a class=\"uagb-buttons-repeater wp-block-button__link\" aria-label=\"\" href=\"#\" rel=\"follow noopener\" target=\"_self\" role=\"button\"><div class=\"uagb-button__link\">Click Here<\/div><\/a><\/div><\/div>\n<\/div><\/div>\n\n\n\n<div class=\"wp-block-uagb-info-box uagb-block-668babd8 uagb-infobox__content-wrap  uagb-infobox-icon-above-title uagb-infobox-image-valign-top\"><div class=\"uagb-ifb-content\"><div class=\"uagb-ifb-icon-wrap\"><svg xmlns=\"https:\/\/www.w3.org\/2000\/svg\" viewBox=\"0 0 512 512\"><path d=\"M0 256C0 114.6 114.6 0 256 0C397.4 0 512 114.6 512 256C512 397.4 397.4 512 256 512C114.6 512 0 397.4 0 256zM371.8 211.8C382.7 200.9 382.7 183.1 371.8 172.2C360.9 161.3 343.1 161.3 332.2 172.2L224 280.4L179.8 236.2C168.9 225.3 151.1 225.3 140.2 236.2C129.3 247.1 129.3 264.9 140.2 275.8L204.2 339.8C215.1 350.7 232.9 350.7 243.8 339.8L371.8 211.8z\"><\/path><\/svg><\/div><div class=\"uagb-ifb-title-wrap\"><h3 class=\"uagb-ifb-title\">Info Box<\/h3><\/div><p class=\"uagb-ifb-desc\">Click here to change this text. Lorem ipsum dolor sit amet, consectetur adipiscing elit. Ut elit tellus, luctus nec ullamcorper mattis, pulvinar dapibus leo.<\/p><\/div><\/div>\n\n\n\n<div class=\"wp-block-uagb-call-to-action uagb-block-59c36c3d wp-block-button\"><div class=\"uagb-cta__wrap\"><h3 class=\"uagb-cta__title\">Call To Action<\/h3><p class=\"uagb-cta__desc\">Click here to change this text. Lorem ipsum dolor sit amet, consectetur adipiscing elit. Ut elit tellus, luctus nec ullamcorper mattis, pulvinar dapibus leo.<\/p><\/div><div class=\"uagb-cta__buttons\"><a href=\"#\" class=\"uagb-cta__button-link-wrapper wp-block-button__link\" target=\"_self\" rel=\"noopener noreferrer\">Read More<svg xmlns=\"https:\/\/www.w3.org\/2000\/svg\" viewBox=\"0 0 512 512\"><path d=\"M504.3 273.6l-112.1 104c-6.992 6.484-17.18 8.218-25.94 4.406c-8.758-3.812-14.42-12.45-14.42-21.1L351.9 288H32C14.33 288 .0002 273.7 .0002 255.1S14.33 224 32 224h319.9l0-72c0-9.547 5.66-18.19 14.42-22c8.754-3.809 18.95-2.075 25.94 4.41l112.1 104C514.6 247.9 514.6 264.1 504.3 273.6z\"><\/path><\/svg><\/a><\/div><\/div>\n","protected":false},"excerpt":{"rendered":"<p>L&rsquo;ennui naquit un jour de l&rsquo;uniformit\u00e9 Je cr\u00e9e depuis plus de dix ans des pi\u00e8ces uniques fruit de mon imagination. Dans mon atelier, je tourne, tournasse, d\u00e9gourdis, \u00e9maille et cuis \u00e0 haute temp\u00e9rature des pi\u00e8ces aux lignes simples et \u00e9pur\u00e9es. Je con\u00e7ois et fabrique moi-m\u00eame mes \u00e9maux \u00e0 partir de mati\u00e8res naturelles. Je les applique [&hellip;]<\/p>\n","protected":false},"author":1,"featured_media":0,"parent":0,"menu_order":0,"comment_status":"closed","ping_status":"closed","template":"","meta":{"_uag_custom_page_level_css":"","footnotes":"[{\"content\":\"A. Houdar de La Motte (1672-1731)\",\"id\":\"ae9a56c0-2f1e-40cc-a0c0-9332001ae3d0\"}]"},"class_list":["post-26","page","type-page","status-publish","hentry"],"uagb_featured_image_src":{"full":false,"thumbnail":false,"medium":false,"medium_large":false,"large":false,"1536x1536":false,"2048x2048":false,"woocommerce_thumbnail":false,"woocommerce_single":false,"woocommerce_gallery_thumbnail":false},"uagb_author_info":{"display_name":"admin2143","author_link":"https:\/\/perchepotter.fr\/index.php\/author\/admin2143\/"},"uagb_comment_info":0,"uagb_excerpt":"L&rsquo;ennui naquit un jour de l&rsquo;uniformit\u00e9 Je cr\u00e9e depuis plus de dix ans des pi\u00e8ces uniques fruit de mon imagination. Dans mon atelier, je tourne, tournasse, d\u00e9gourdis, \u00e9maille et cuis \u00e0 haute temp\u00e9rature des pi\u00e8ces aux lignes simples et \u00e9pur\u00e9es. Je con\u00e7ois et fabrique moi-m\u00eame mes \u00e9maux \u00e0 partir de mati\u00e8res naturelles. Je les applique\u2026","_links":{"self":[{"href":"https:\/\/perchepotter.fr\/index.php\/wp-json\/wp\/v2\/pages\/26","targetHints":{"allow":["GET"]}}],"collection":[{"href":"https:\/\/perchepotter.fr\/index.php\/wp-json\/wp\/v2\/pages"}],"about":[{"href":"https:\/\/perchepotter.fr\/index.php\/wp-json\/wp\/v2\/types\/page"}],"author":[{"embeddable":true,"href":"https:\/\/perchepotter.fr\/index.php\/wp-json\/wp\/v2\/users\/1"}],"replies":[{"embeddable":true,"href":"https:\/\/perchepotter.fr\/index.php\/wp-json\/wp\/v2\/comments?post=26"}],"version-history":[{"count":33,"href":"https:\/\/perchepotter.fr\/index.php\/wp-json\/wp\/v2\/pages\/26\/revisions"}],"predecessor-version":[{"id":470,"href":"https:\/\/perchepotter.fr\/index.php\/wp-json\/wp\/v2\/pages\/26\/revisions\/470"}],"wp:attachment":[{"href":"https:\/\/perchepotter.fr\/index.php\/wp-json\/wp\/v2\/media?parent=26"}],"curies":[{"name":"wp","href":"https:\/\/api.w.org\/{rel}","templated":true}]}}